{"id":351,"date":"2024-04-14T22:24:32","date_gmt":"2024-04-14T20:24:32","guid":{"rendered":"https:\/\/dlreactive.fr\/?page_id=351"},"modified":"2024-04-28T17:20:44","modified_gmt":"2024-04-28T15:20:44","slug":"comptabilite-technique","status":"publish","type":"page","link":"https:\/\/dlreactive.fr\/index.php\/comptabilite-technique\/","title":{"rendered":"Comptabilit\u00e9 technique\u00a0"},"content":{"rendered":"\t\t<div data-elementor-type=\"wp-page\" data-elementor-id=\"351\" class=\"elementor elementor-351\">\n\t\t\t\t<div class=\"elementor-element elementor-element-2431fd1b e-flex e-con-boxed e-con e-parent\" data-id=\"2431fd1b\" data-element_type=\"container\" data-core-v316-plus=\"true\">\n\t\t\t\t\t<div class=\"e-con-inner\">\n\t\t\t\t<div class=\"elementor-element elementor-element-5a888af1 elementor-widget elementor-widget-text-editor\" data-id=\"5a888af1\" data-element_type=\"widget\" data-widget_type=\"text-editor.default\">\n\t\t\t\t<div class=\"elementor-widget-container\">\n\t\t\t<style>\/*! elementor - v3.20.0 - 10-04-2024 *\/\n.elementor-widget-text-editor.elementor-drop-cap-view-stacked .elementor-drop-cap{background-color:#69727d;color:#fff}.elementor-widget-text-editor.elementor-drop-cap-view-framed .elementor-drop-cap{color:#69727d;border:3px solid;background-color:transparent}.elementor-widget-text-editor:not(.elementor-drop-cap-view-default) .elementor-drop-cap{margin-top:8px}.elementor-widget-text-editor:not(.elementor-drop-cap-view-default) .elementor-drop-cap-letter{width:1em;height:1em}.elementor-widget-text-editor .elementor-drop-cap{float:left;text-align:center;line-height:1;font-size:50px}.elementor-widget-text-editor .elementor-drop-cap-letter{display:inline-block}<\/style>\t\t\t\t<!-- wp:paragraph -->\n<p>Gestion des affaires courantes&nbsp;:<\/p>\n<!-- \/wp:paragraph -->\n\n<!-- wp:paragraph -->\n<p>Gestion des comptes en r\u00e9assurance, v\u00e9rification et application des conditions de r\u00e9assurance, indexation des sinistres, v\u00e9rification des comptes de r\u00e9sultats, couverture de r\u00e9assurance, r\u00e9solution des probl\u00e8mes, application des clauses de rente, clauses de commissions glissantes, entr\u00e9e et sortie de portefeuille, application des clauses d\u2019\u00e9v\u00e9nements, AAD et AAL, calcul de la prime de reconstitutions, r\u00e9conciliation des \u00e9tats financiers, pr\u00e9paration des courriers de confirmation ou de r\u00e9clamation aux assureurs\/courtiers, pr\u00e9paration des paiements, suivi des soldes d\u00e9biteurs et ou cr\u00e9diteurs, suivi du portefeuille.<\/p>\n<!-- \/wp:paragraph -->\t\t\t\t\t\t<\/div>\n\t\t\t\t<\/div>\n\t\t\t\t<div class=\"elementor-element elementor-element-e25be86 elementor-widget elementor-widget-image\" data-id=\"e25be86\" data-element_type=\"widget\" data-widget_type=\"image.default\">\n\t\t\t\t<div class=\"elementor-widget-container\">\n\t\t\t<style>\/*! elementor - v3.20.0 - 10-04-2024 *\/\n.elementor-widget-image{text-align:center}.elementor-widget-image a{display:inline-block}.elementor-widget-image a img[src$=\".svg\"]{width:48px}.elementor-widget-image img{vertical-align:middle;display:inline-block}<\/style>\t\t\t\t\t\t\t\t\t\t<img fetchpriority=\"high\" decoding=\"async\" width=\"300\" height=\"233\" src=\"https:\/\/dlreactive.fr\/wp-content\/uploads\/2024\/03\/4-1-300x233.jpg\" class=\"attachment-medium size-medium wp-image-161\" alt=\"\" srcset=\"https:\/\/dlreactive.fr\/wp-content\/uploads\/2024\/03\/4-1-300x233.jpg 300w, https:\/\/dlreactive.fr\/wp-content\/uploads\/2024\/03\/4-1-1024x796.jpg 1024w, https:\/\/dlreactive.fr\/wp-content\/uploads\/2024\/03\/4-1-768x597.jpg 768w, https:\/\/dlreactive.fr\/wp-content\/uploads\/2024\/03\/4-1-1536x1195.jpg 1536w, https:\/\/dlreactive.fr\/wp-content\/uploads\/2024\/03\/4-1-1389x1080.jpg 1389w, https:\/\/dlreactive.fr\/wp-content\/uploads\/2024\/03\/4-1.jpg 1543w\" sizes=\"(max-width: 300px) 100vw, 300px\" \/>\t\t\t\t\t\t\t\t\t\t\t\t\t<\/div>\n\t\t\t\t<\/div>\n\t\t\t\t\t<\/div>\n\t\t\t\t<\/div>\n\t\t<div class=\"elementor-element elementor-element-5a03411 e-flex e-con-boxed e-con e-parent\" data-id=\"5a03411\" data-element_type=\"container\" data-core-v316-plus=\"true\">\n\t\t\t\t\t<div class=\"e-con-inner\">\n\t\t\t\t\t<\/div>\n\t\t\t\t<\/div>\n\t\t\t\t<\/div>\n\t\t","protected":false},"excerpt":{"rendered":"<p>Gestion des affaires courantes&nbsp;: Gestion des comptes en r\u00e9assurance, v\u00e9rification et application des conditions de r\u00e9assurance, indexation des sinistres, v\u00e9rification [&hellip;]<\/p>\n","protected":false},"author":1,"featured_media":0,"parent":0,"menu_order":0,"comment_status":"closed","ping_status":"closed","template":"","meta":{"site-sidebar-layout":"default","site-content-layout":"","ast-site-content-layout":"","site-content-style":"default","site-sidebar-style":"default","ast-global-header-display":"","ast-banner-title-visibility":"","ast-main-header-display":"","ast-hfb-above-header-display":"","ast-hfb-below-header-display":"","ast-hfb-mobile-header-display":"","site-post-title":"","ast-breadcrumbs-content":"","ast-featured-img":"","footer-sml-layout":"","theme-transparent-header-meta":"","adv-header-id-meta":"","stick-header-meta":"","header-above-stick-meta":"","header-main-stick-meta":"","header-below-stick-meta":"","astra-migrate-meta-layouts":"default","ast-page-background-enabled":"default","ast-page-background-meta":{"desktop":{"background-color":"var(--ast-global-color-4)","background-image":"","background-repeat":"repeat","background-position":"center center","background-size":"auto","background-attachment":"scroll","background-type":"","background-media":"","overlay-type":"","overlay-color":"","overlay-gradient":""},"tablet":{"background-color":"","background-image":"","background-repeat":"repeat","background-position":"center center","background-size":"auto","background-attachment":"scroll","background-type":"","background-media":"","overlay-type":"","overlay-color":"","overlay-gradient":""},"mobile":{"background-color":"","background-image":"","background-repeat":"repeat","background-position":"center center","background-size":"auto","background-attachment":"scroll","background-type":"","background-media":"","overlay-type":"","overlay-color":"","overlay-gradient":""}},"ast-content-background-meta":{"desktop":{"background-color":"var(--ast-global-color-5)","background-image":"","background-repeat":"repeat","background-position":"center center","background-size":"auto","background-attachment":"scroll","background-type":"","background-media":"","overlay-type":"","overlay-color":"","overlay-gradient":""},"tablet":{"background-color":"var(--ast-global-color-5)","background-image":"","background-repeat":"repeat","background-position":"center center","background-size":"auto","background-attachment":"scroll","background-type":"","background-media":"","overlay-type":"","overlay-color":"","overlay-gradient":""},"mobile":{"background-color":"var(--ast-global-color-5)","background-image":"","background-repeat":"repeat","background-position":"center center","background-size":"auto","background-attachment":"scroll","background-type":"","background-media":"","overlay-type":"","overlay-color":"","overlay-gradient":""}},"footnotes":""},"class_list":["post-351","page","type-page","status-publish","hentry"],"_links":{"self":[{"href":"https:\/\/dlreactive.fr\/index.php\/wp-json\/wp\/v2\/pages\/351","targetHints":{"allow":["GET"]}}],"collection":[{"href":"https:\/\/dlreactive.fr\/index.php\/wp-json\/wp\/v2\/pages"}],"about":[{"href":"https:\/\/dlreactive.fr\/index.php\/wp-json\/wp\/v2\/types\/page"}],"author":[{"embeddable":true,"href":"https:\/\/dlreactive.fr\/index.php\/wp-json\/wp\/v2\/users\/1"}],"replies":[{"embeddable":true,"href":"https:\/\/dlreactive.fr\/index.php\/wp-json\/wp\/v2\/comments?post=351"}],"version-history":[{"count":22,"href":"https:\/\/dlreactive.fr\/index.php\/wp-json\/wp\/v2\/pages\/351\/revisions"}],"predecessor-version":[{"id":471,"href":"https:\/\/dlreactive.fr\/index.php\/wp-json\/wp\/v2\/pages\/351\/revisions\/471"}],"wp:attachment":[{"href":"https:\/\/dlreactive.fr\/index.php\/wp-json\/wp\/v2\/media?parent=351"}],"curies":[{"name":"wp","href":"https:\/\/api.w.org\/{rel}","templated":true}]}}