{"id":356,"date":"2024-04-14T22:25:59","date_gmt":"2024-04-14T20:25:59","guid":{"rendered":"https:\/\/dlreactive.fr\/?page_id=356"},"modified":"2024-04-28T17:15:37","modified_gmt":"2024-04-28T15:15:37","slug":"reporting","status":"publish","type":"page","link":"https:\/\/dlreactive.fr\/index.php\/reporting\/","title":{"rendered":"Reporting"},"content":{"rendered":"\t\t<div data-elementor-type=\"wp-page\" data-elementor-id=\"356\" class=\"elementor elementor-356\">\n\t\t\t\t<div class=\"elementor-element elementor-element-51aedfa e-flex e-con-boxed e-con e-parent\" data-id=\"51aedfa\" data-element_type=\"container\" data-core-v316-plus=\"true\">\n\t\t\t\t\t<div class=\"e-con-inner\">\n\t\t\t\t<div class=\"elementor-element elementor-element-60e7c426 elementor-widget elementor-widget-text-editor\" data-id=\"60e7c426\" data-element_type=\"widget\" data-widget_type=\"text-editor.default\">\n\t\t\t\t<div class=\"elementor-widget-container\">\n\t\t\t<style>\/*! elementor - v3.20.0 - 10-04-2024 *\/\n.elementor-widget-text-editor.elementor-drop-cap-view-stacked .elementor-drop-cap{background-color:#69727d;color:#fff}.elementor-widget-text-editor.elementor-drop-cap-view-framed .elementor-drop-cap{color:#69727d;border:3px solid;background-color:transparent}.elementor-widget-text-editor:not(.elementor-drop-cap-view-default) .elementor-drop-cap{margin-top:8px}.elementor-widget-text-editor:not(.elementor-drop-cap-view-default) .elementor-drop-cap-letter{width:1em;height:1em}.elementor-widget-text-editor .elementor-drop-cap{float:left;text-align:center;line-height:1;font-size:50px}.elementor-widget-text-editor .elementor-drop-cap-letter{display:inline-block}<\/style>\t\t\t\t<!-- wp:paragraph -->\n<p>Rapport r\u00e9gulier aux charg\u00e9s de client du r\u00e9sultat du portefeuille trait\u00e9 par trait\u00e9 et par exercice, suivi de l\u2019\u00e9valuation des statistiques du portefeuille<\/p>\n<!-- \/wp:paragraph -->\n\n<!-- wp:list -->\n<ul><!-- wp:list-item -->\n<li>Exp\u00e9rience en migration des donn\u00e9es pour changement de syst\u00e8me informatique<\/li>\n<!-- \/wp:list-item -->\n\n<!-- wp:list-item -->\n<li>Exp\u00e9rience en migration de d\u00e9localisation des affaires \u00e0 l\u2019\u00e9tranger<\/li>\n<!-- \/wp:list-item -->\n\n<!-- wp:list-item -->\n<li>Pr\u00e9paration, mise en place de processus sp\u00e9cifique, en coordination avec les \u00e9quipes op\u00e9rationnelles et informatiques<\/li>\n<!-- \/wp:list-item --><\/ul>\n<!-- \/wp:list -->\t\t\t\t\t\t<\/div>\n\t\t\t\t<\/div>\n\t\t\t\t\t<\/div>\n\t\t\t\t<\/div>\n\t\t<div class=\"elementor-element elementor-element-e2e30a6 e-flex e-con-boxed e-con e-parent\" data-id=\"e2e30a6\" data-element_type=\"container\" data-core-v316-plus=\"true\">\n\t\t\t\t\t<div class=\"e-con-inner\">\n\t\t\t\t<div class=\"elementor-element elementor-element-3ce8533 elementor-widget elementor-widget-image\" data-id=\"3ce8533\" data-element_type=\"widget\" data-widget_type=\"image.default\">\n\t\t\t\t<div class=\"elementor-widget-container\">\n\t\t\t<style>\/*! elementor - v3.20.0 - 10-04-2024 *\/\n.elementor-widget-image{text-align:center}.elementor-widget-image a{display:inline-block}.elementor-widget-image a img[src$=\".svg\"]{width:48px}.elementor-widget-image img{vertical-align:middle;display:inline-block}<\/style>\t\t\t\t\t\t\t\t\t\t<img fetchpriority=\"high\" decoding=\"async\" width=\"300\" height=\"233\" src=\"https:\/\/dlreactive.fr\/wp-content\/uploads\/2024\/03\/3-1-1-300x233.jpg\" class=\"attachment-medium size-medium wp-image-188\" alt=\"\" srcset=\"https:\/\/dlreactive.fr\/wp-content\/uploads\/2024\/03\/3-1-1-300x233.jpg 300w, https:\/\/dlreactive.fr\/wp-content\/uploads\/2024\/03\/3-1-1-1024x796.jpg 1024w, https:\/\/dlreactive.fr\/wp-content\/uploads\/2024\/03\/3-1-1-768x597.jpg 768w, https:\/\/dlreactive.fr\/wp-content\/uploads\/2024\/03\/3-1-1.jpg 1029w\" sizes=\"(max-width: 300px) 100vw, 300px\" \/>\t\t\t\t\t\t\t\t\t\t\t\t\t<\/div>\n\t\t\t\t<\/div>\n\t\t\t\t\t<\/div>\n\t\t\t\t<\/div>\n\t\t\t\t<\/div>\n\t\t","protected":false},"excerpt":{"rendered":"<p>Rapport r\u00e9gulier aux charg\u00e9s de client du r\u00e9sultat du portefeuille trait\u00e9 par trait\u00e9 et par exercice, suivi de l\u2019\u00e9valuation des [&hellip;]<\/p>\n","protected":false},"author":1,"featured_media":0,"parent":0,"menu_order":0,"comment_status":"closed","ping_status":"closed","template":"","meta":{"site-sidebar-layout":"default","site-content-layout":"","ast-site-content-layout":"","site-content-style":"default","site-sidebar-style":"default","ast-global-header-display":"","ast-banner-title-visibility":"","ast-main-header-display":"","ast-hfb-above-header-display":"","ast-hfb-below-header-display":"","ast-hfb-mobile-header-display":"","site-post-title":"","ast-breadcrumbs-content":"","ast-featured-img":"","footer-sml-layout":"","theme-transparent-header-meta":"","adv-header-id-meta":"","stick-header-meta":"","header-above-stick-meta":"","header-main-stick-meta":"","header-below-stick-meta":"","astra-migrate-meta-layouts":"default","ast-page-background-enabled":"default","ast-page-background-meta":{"desktop":{"background-color":"var(--ast-global-color-4)","background-image":"","background-repeat":"repeat","background-position":"center center","background-size":"auto","background-attachment":"scroll","background-type":"","background-media":"","overlay-type":"","overlay-color":"","overlay-gradient":""},"tablet":{"background-color":"","background-image":"","background-repeat":"repeat","background-position":"center center","background-size":"auto","background-attachment":"scroll","background-type":"","background-media":"","overlay-type":"","overlay-color":"","overlay-gradient":""},"mobile":{"background-color":"","background-image":"","background-repeat":"repeat","background-position":"center center","background-size":"auto","background-attachment":"scroll","background-type":"","background-media":"","overlay-type":"","overlay-color":"","overlay-gradient":""}},"ast-content-background-meta":{"desktop":{"background-color":"var(--ast-global-color-5)","background-image":"","background-repeat":"repeat","background-position":"center center","background-size":"auto","background-attachment":"scroll","background-type":"","background-media":"","overlay-type":"","overlay-color":"","overlay-gradient":""},"tablet":{"background-color":"var(--ast-global-color-5)","background-image":"","background-repeat":"repeat","background-position":"center center","background-size":"auto","background-attachment":"scroll","background-type":"","background-media":"","overlay-type":"","overlay-color":"","overlay-gradient":""},"mobile":{"background-color":"var(--ast-global-color-5)","background-image":"","background-repeat":"repeat","background-position":"center center","background-size":"auto","background-attachment":"scroll","background-type":"","background-media":"","overlay-type":"","overlay-color":"","overlay-gradient":""}},"footnotes":""},"class_list":["post-356","page","type-page","status-publish","hentry"],"_links":{"self":[{"href":"https:\/\/dlreactive.fr\/index.php\/wp-json\/wp\/v2\/pages\/356","targetHints":{"allow":["GET"]}}],"collection":[{"href":"https:\/\/dlreactive.fr\/index.php\/wp-json\/wp\/v2\/pages"}],"about":[{"href":"https:\/\/dlreactive.fr\/index.php\/wp-json\/wp\/v2\/types\/page"}],"author":[{"embeddable":true,"href":"https:\/\/dlreactive.fr\/index.php\/wp-json\/wp\/v2\/users\/1"}],"replies":[{"embeddable":true,"href":"https:\/\/dlreactive.fr\/index.php\/wp-json\/wp\/v2\/comments?post=356"}],"version-history":[{"count":6,"href":"https:\/\/dlreactive.fr\/index.php\/wp-json\/wp\/v2\/pages\/356\/revisions"}],"predecessor-version":[{"id":430,"href":"https:\/\/dlreactive.fr\/index.php\/wp-json\/wp\/v2\/pages\/356\/revisions\/430"}],"wp:attachment":[{"href":"https:\/\/dlreactive.fr\/index.php\/wp-json\/wp\/v2\/media?parent=356"}],"curies":[{"name":"wp","href":"https:\/\/api.w.org\/{rel}","templated":true}]}}