{"id":376,"date":"2024-04-14T23:07:28","date_gmt":"2024-04-14T21:07:28","guid":{"rendered":"https:\/\/dlreactive.fr\/?page_id=376"},"modified":"2024-05-01T22:34:21","modified_gmt":"2024-05-01T20:34:21","slug":"accueil","status":"publish","type":"page","link":"https:\/\/dlreactive.fr\/","title":{"rendered":"Bienvenue"},"content":{"rendered":"\t\t<div data-elementor-type=\"wp-page\" data-elementor-id=\"376\" class=\"elementor elementor-376\">\n\t\t\t\t<div class=\"elementor-element elementor-element-4b65318a e-flex e-con-boxed e-con e-parent\" data-id=\"4b65318a\" data-element_type=\"container\" data-core-v316-plus=\"true\">\n\t\t\t\t\t<div class=\"e-con-inner\">\n\t\t\t\t<div class=\"elementor-element elementor-element-490ed47b elementor-widget elementor-widget-text-editor\" data-id=\"490ed47b\" data-element_type=\"widget\" data-widget_type=\"text-editor.default\">\n\t\t\t\t<div class=\"elementor-widget-container\">\n\t\t\t<style>\/*! elementor - v3.20.0 - 10-04-2024 *\/\n.elementor-widget-text-editor.elementor-drop-cap-view-stacked .elementor-drop-cap{background-color:#69727d;color:#fff}.elementor-widget-text-editor.elementor-drop-cap-view-framed .elementor-drop-cap{color:#69727d;border:3px solid;background-color:transparent}.elementor-widget-text-editor:not(.elementor-drop-cap-view-default) .elementor-drop-cap{margin-top:8px}.elementor-widget-text-editor:not(.elementor-drop-cap-view-default) .elementor-drop-cap-letter{width:1em;height:1em}.elementor-widget-text-editor .elementor-drop-cap{float:left;text-align:center;line-height:1;font-size:50px}.elementor-widget-text-editor .elementor-drop-cap-letter{display:inline-block}<\/style>\t\t\t\t<p><!-- wp:paragraph --><\/p>\n<p>Votre valeur ajout\u00e9e Experte en R\u00e9assurance op\u00e9rationnelle<\/p>\n<p>Une experte avec plus de 20 ans d\u2019exp\u00e9rience chez le leader mondial en R\u00e9assurance \u00e0 vos c\u00f4t\u00e9s pour une analyse, un audit ou encadrer vos \u00e9quipes pour une mission ou un projet sp\u00e9cifique. Avec comme principal objectif l&#8217;am\u00e9lioration de la performance.&nbsp;<\/p>\n<p>A votre disposition pour des missions ponctuelles gr\u00e2ces aux c<span style=\"font-style: inherit; font-weight: inherit; text-align: var(--text-align); background-color: var(--ast-global-color-5);\">omp\u00e9tences dans les domaines suivants :<\/span><\/p>\n<ul>\n<li><span style=\"font-size: 16px;\">Comptabilit\u00e9 technique<\/span><\/li>\n<li>Gestion des sinistres<\/li>\n<li>V\u00e9rification des textes contractuels R\u00e9assurance<\/li>\n<li>Reporting<\/li>\n<li>Exp\u00e9rience SICS\/nt et de DCR (PXL)<\/li>\n<\/ul>\n<p>&nbsp;<span style=\"font-style: inherit; font-weight: inherit; text-align: var(--text-align); background-color: var(--ast-global-color-5);\">Et pour vous soutenir dans vos projets&nbsp;:<\/span><\/p>\n<ul>\n<li>Refonte des proc\u00e9dures<\/li>\n<li>Pr\u00e9paration \u00e0 la digitalisation<\/li>\n<li>Mapping de vos codifications avec un nouveau r\u00e9seau ou r\u00e9seau ext\u00e9rieur<\/li>\n<li>Mise en place d\u2019outils de mesure de performance (KPI)<\/li>\n<\/ul>\n<p>Parfaitement trilingue avec fran\u00e7ais, anglais, allemand (et CH-allemand)<\/p>\n<p><!-- \/wp:paragraph --><\/p>\t\t\t\t\t\t<\/div>\n\t\t\t\t<\/div>\n\t\t\t\t\t<\/div>\n\t\t\t\t<\/div>\n\t\t<div class=\"elementor-element elementor-element-545fa50 e-flex e-con-boxed e-con e-parent\" data-id=\"545fa50\" data-element_type=\"container\" data-core-v316-plus=\"true\">\n\t\t\t\t\t<div class=\"e-con-inner\">\n\t\t\t\t<div class=\"elementor-element elementor-element-8ec7dea elementor-widget elementor-widget-image\" data-id=\"8ec7dea\" data-element_type=\"widget\" data-widget_type=\"image.default\">\n\t\t\t\t<div class=\"elementor-widget-container\">\n\t\t\t<style>\/*! elementor - v3.20.0 - 10-04-2024 *\/\n.elementor-widget-image{text-align:center}.elementor-widget-image a{display:inline-block}.elementor-widget-image a img[src$=\".svg\"]{width:48px}.elementor-widget-image img{vertical-align:middle;display:inline-block}<\/style>\t\t\t\t\t\t\t\t\t\t<img fetchpriority=\"high\" decoding=\"async\" width=\"300\" height=\"292\" src=\"https:\/\/dlreactive.fr\/wp-content\/uploads\/2024\/03\/DSCN2678-2-300x292.jpg\" class=\"attachment-medium size-medium wp-image-214\" alt=\"\" srcset=\"https:\/\/dlreactive.fr\/wp-content\/uploads\/2024\/03\/DSCN2678-2-300x292.jpg 300w, https:\/\/dlreactive.fr\/wp-content\/uploads\/2024\/03\/DSCN2678-2.jpg 507w\" sizes=\"(max-width: 300px) 100vw, 300px\" \/>\t\t\t\t\t\t\t\t\t\t\t\t\t<\/div>\n\t\t\t\t<\/div>\n\t\t\t\t\t<\/div>\n\t\t\t\t<\/div>\n\t\t<div class=\"elementor-element elementor-element-f0a372c e-flex e-con-boxed e-con e-parent\" data-id=\"f0a372c\" data-element_type=\"container\" data-core-v316-plus=\"true\">\n\t\t\t\t\t<div class=\"e-con-inner\">\n\t\t\t\t\t<\/div>\n\t\t\t\t<\/div>\n\t\t<div class=\"elementor-element elementor-element-037782f e-flex e-con-boxed e-con e-parent\" data-id=\"037782f\" data-element_type=\"container\" data-core-v316-plus=\"true\">\n\t\t\t\t\t<div class=\"e-con-inner\">\n\t\t\t\t\t<\/div>\n\t\t\t\t<\/div>\n\t\t\t\t<\/div>\n\t\t","protected":false},"excerpt":{"rendered":"<p>Votre valeur ajout\u00e9e Experte en R\u00e9assurance op\u00e9rationnelle Une experte avec plus de 20 ans d\u2019exp\u00e9rience chez le leader mondial en [&hellip;]<\/p>\n","protected":false},"author":1,"featured_media":0,"parent":0,"menu_order":0,"comment_status":"closed","ping_status":"closed","template":"","meta":{"site-sidebar-layout":"default","site-content-layout":"","ast-site-content-layout":"","site-content-style":"default","site-sidebar-style":"default","ast-global-header-display":"","ast-banner-title-visibility":"","ast-main-header-display":"","ast-hfb-above-header-display":"","ast-hfb-below-header-display":"","ast-hfb-mobile-header-display":"","site-post-title":"","ast-breadcrumbs-content":"","ast-featured-img":"","footer-sml-layout":"","theme-transparent-header-meta":"","adv-header-id-meta":"","stick-header-meta":"","header-above-stick-meta":"","header-main-stick-meta":"","header-below-stick-meta":"","astra-migrate-meta-layouts":"default","ast-page-background-enabled":"default","ast-page-background-meta":{"desktop":{"background-color":"var(--ast-global-color-4)","background-image":"","background-repeat":"repeat","background-position":"center center","background-size":"auto","background-attachment":"scroll","background-type":"","background-media":"","overlay-type":"","overlay-color":"","overlay-gradient":""},"tablet":{"background-color":"","background-image":"","background-repeat":"repeat","background-position":"center center","background-size":"auto","background-attachment":"scroll","background-type":"","background-media":"","overlay-type":"","overlay-color":"","overlay-gradient":""},"mobile":{"background-color":"","background-image":"","background-repeat":"repeat","background-position":"center center","background-size":"auto","background-attachment":"scroll","background-type":"","background-media":"","overlay-type":"","overlay-color":"","overlay-gradient":""}},"ast-content-background-meta":{"desktop":{"background-color":"var(--ast-global-color-5)","background-image":"","background-repeat":"repeat","background-position":"center center","background-size":"auto","background-attachment":"scroll","background-type":"","background-media":"","overlay-type":"","overlay-color":"","overlay-gradient":""},"tablet":{"background-color":"var(--ast-global-color-5)","background-image":"","background-repeat":"repeat","background-position":"center center","background-size":"auto","background-attachment":"scroll","background-type":"","background-media":"","overlay-type":"","overlay-color":"","overlay-gradient":""},"mobile":{"background-color":"var(--ast-global-color-5)","background-image":"","background-repeat":"repeat","background-position":"center center","background-size":"auto","background-attachment":"scroll","background-type":"","background-media":"","overlay-type":"","overlay-color":"","overlay-gradient":""}},"footnotes":""},"class_list":["post-376","page","type-page","status-publish","hentry"],"_links":{"self":[{"href":"https:\/\/dlreactive.fr\/index.php\/wp-json\/wp\/v2\/pages\/376","targetHints":{"allow":["GET"]}}],"collection":[{"href":"https:\/\/dlreactive.fr\/index.php\/wp-json\/wp\/v2\/pages"}],"about":[{"href":"https:\/\/dlreactive.fr\/index.php\/wp-json\/wp\/v2\/types\/page"}],"author":[{"embeddable":true,"href":"https:\/\/dlreactive.fr\/index.php\/wp-json\/wp\/v2\/users\/1"}],"replies":[{"embeddable":true,"href":"https:\/\/dlreactive.fr\/index.php\/wp-json\/wp\/v2\/comments?post=376"}],"version-history":[{"count":54,"href":"https:\/\/dlreactive.fr\/index.php\/wp-json\/wp\/v2\/pages\/376\/revisions"}],"predecessor-version":[{"id":531,"href":"https:\/\/dlreactive.fr\/index.php\/wp-json\/wp\/v2\/pages\/376\/revisions\/531"}],"wp:attachment":[{"href":"https:\/\/dlreactive.fr\/index.php\/wp-json\/wp\/v2\/media?parent=376"}],"curies":[{"name":"wp","href":"https:\/\/api.w.org\/{rel}","templated":true}]}}